{"id":35246,"date":"2025-02-07T11:28:53","date_gmt":"2025-02-07T10:28:53","guid":{"rendered":"https:\/\/www.svr-migration.de\/?page_id=35246"},"modified":"2025-06-25T16:56:05","modified_gmt":"2025-06-25T14:56:05","slug":"international-conference","status":"publish","type":"page","link":"https:\/\/www.svr-migration.de\/en\/research\/research-projects\/international-conference\/","title":{"rendered":"International conference"},"content":{"rendered":"\n<h1 class=\"wp-block-heading has-text-align-center\">Integration and naturalisation of refugees and migrants: Agency, bureaucracy, and policy change<\/h1>\n\n\n\n<h2 class=\"wp-block-heading has-text-align-center\">13\u201214 November 2025, ProjektZentrum Berlin (PZB),<br>Neue Promenade 6, 10178 Berlin<\/h2>\n\n\n\n<p class=\"has-text-align-center has-white-background-color has-text-color has-background has-link-color wp-elements-8a7aa9e61c46ad2c3b584de703b0d2e3\" style=\"color:#54af2e\"><strong><em>Abstract submissions for participation in the conference as a presenter and notification of interest as a member of the audience are now closed.<\/em><\/strong><\/p>\n\n\n\n<p>Naturalisation is a crucial step in the integration of refugees and migrants, providing long-term prospects and access to full civil and political rights. Although integration takes place before naturalisation, naturalisation also tends to have a positive impact on integration, improving migrants\u2019 life chances and opportunities. However, social disadvantages may hinder refugees and other groups from integrating and meeting naturalisation criteria. Public policies and administrative practices can either mitigate or exacerbate these challenges. Over the past decade, many Western countries have introduced significant changes to their citizenship policies and migration systems. At the implementation level, street-level bureaucracies often face heavy workloads, insufficient funding, and the need to adapt to rapid policy changes. This international and interdisciplinary conference explores the integration processes of refugees and socially disadvantaged migrants, access to citizenship, and the impact of naturalisation on integration. It also examines how administrations organise and manage the integration and naturalisation processes, particularly for refugees.<\/p>\n\n\n\n<p>The conference is organised by the scientific staff of The Expert Council on Integration and Migration (SVR) and will be held on <strong>13\u201214 November 2025 in Berlin<\/strong>. It aims to bring together researchers from various disciplines and academic levels to present and discuss their current qualitative and quantitative research. Scholars working on related issues of access to citizenship, integration, and policy administration are strongly encouraged to apply, even if they do not specifically focus on refugees or socially disadvantaged migrants. Researchers interested in presenting their work are invited to submit <strong>short abstracts (maximum 500 words) <\/strong>along with their affiliation details <strong>by 31 May 2025<\/strong>. Information on acceptance will be provided at the earliest convenience.<\/p>\n\n\n\n<p>The conference will be also open to a wider audience from academia, policy and practice, with a limited number of places available. Please notify your interest in attending in the form below. Confirmation on attendance will be provided no later than 30 September 2025.<\/p>\n\n\n\n<p>A limited number of travel grants are available. These will be prioritised for early career researchers, those with limited resources, and those who travel to and from Berlin in a particular sustainable way, if feasible. If you wish to apply for this grant, please indicate so when submitting your abstract.<\/p>\n\n\n\n<p>The conference is organised as part of the research project <strong><a href=\"https:\/\/www.svr-migration.de\/en\/naturalisation-as-an-integration-booster\/\">\u201cNaturalisation as an &#8216;integration booster&#8217; for refugees\u201d<\/a><\/strong> (\u201cEinb\u00fcrgerung als &#8216;Integrationsbooster&#8217; f\u00fcr Gefl\u00fcchtete\u201d) which is funded by the Stiftung Mercator.<\/p>\n\n\n\n<h3 class=\"wp-block-heading\">Programme draft (subject to changes)<\/h3>\n\n\n\n<div class=\"wp-block-columns is-layout-flex wp-container-core-columns-is-layout-9d6595d7 wp-block-columns-is-layout-flex\">\n<div class=\"wp-block-column is-layout-flow wp-block-column-is-layout-flow\">\n<p><strong>13 November 2025<\/strong><\/p>\n\n\n\n<ul class=\"wp-block-list\">\n<li>09:00-10:00: Registration<\/li>\n\n\n\n<li>10:00-12:00: Welcome and Panel 1<\/li>\n\n\n\n<li>12:00-13:00: Lunch <\/li>\n\n\n\n<li>13:00-18:45: Panel 2, Panel 3 and Keynote<\/li>\n\n\n\n<li>19:30: Dinner<\/li>\n<\/ul>\n<\/div>\n\n\n\n<div class=\"wp-block-column is-layout-flow wp-block-column-is-layout-flow\">\n<p><strong>14 November 2025<\/strong><\/p>\n\n\n\n<ul class=\"wp-block-list\">\n<li>10:30-12:30: Panel 4<\/li>\n\n\n\n<li>12:30-13:30: Lunch <\/li>\n\n\n\n<li>13:30-17:30: Panel 5 and concluding panel<\/li>\n<\/ul>\n<\/div>\n<\/div>\n","protected":false},"excerpt":{"rendered":"<p>Integration and naturalisation of refugees and migrants: Agency, bureaucracy, and policy change 13\u201214 November 2025, ProjektZentrum Berlin (PZB),Neue Promenade 6, 10178 Berlin Abstract submissions for participation in the conference as a presenter and notification of interest as a member of the audience are now closed. Naturalisation is a crucial step in the integration of refugees\u2026<\/p>\n","protected":false},"author":5,"featured_media":0,"parent":26488,"menu_order":0,"comment_status":"closed","ping_status":"closed","template":"","meta":{"_acf_changed":false,"_uag_custom_page_level_css":"","footnotes":""},"class_list":["post-35246","page","type-page","status-publish","hentry","entry"],"acf":{"ansprechpartner":[31798,31796,35447],"right_panel_textfeld":"","hintergrund":"green","flexibler_inhalt_rechte_spalte":[{"acf_fc_layout":"title_for_content","titel_for_inhalt":"Announcements"},{"acf_fc_layout":"text_for_content","text_for_inhalt":"<a href=\"https:\/\/www.svr-migration.de\/wp-content\/uploads\/2025\/02\/CfA_International_Conference_SVR-1.pdf\">Call for abstracts (PDF)<\/a>"},{"acf_fc_layout":"title_for_content","titel_for_inhalt":"Associated research projects "},{"acf_fc_layout":"text_for_content","text_for_inhalt":"<a href=\"https:\/\/www.svr-migration.de\/en\/naturalisation-as-an-integration-booster\/\">Naturalisation as an \u2018integration booster\u2019 for refugees<\/a>"}]},"yoast_head":"<!-- This site is optimized with the Yoast SEO plugin v27.4 - https:\/\/yoast.com\/product\/yoast-seo-wordpress\/ -->\n<title>International conference Integration and naturalisation of refugees and migrants<\/title>\n<meta name=\"description\" content=\"The conference is organised by the scientific staff of the Expert Council on Integration and Migration (SVR) and will be held on 13-14 November 2025 in Berlin.\" \/>\n<meta name=\"robots\" content=\"index, follow, max-snippet:-1, max-image-preview:large, max-video-preview:-1\" \/>\n<link rel=\"canonical\" href=\"https:\/\/www.svr-migration.de\/en\/research\/research-projects\/international-conference\/\" \/>\n<meta property=\"og:locale\" content=\"en_US\" \/>\n<meta property=\"og:type\" content=\"article\" \/>\n<meta property=\"og:title\" content=\"International conference Integration and naturalisation of refugees and migrants\" \/>\n<meta property=\"og:description\" content=\"The conference is organised by the scientific staff of the Expert Council on Integration and Migration (SVR) and will be held on 13-14 November 2025 in Berlin.\" \/>\n<meta property=\"og:url\" content=\"https:\/\/www.svr-migration.de\/en\/research\/research-projects\/international-conference\/\" \/>\n<meta property=\"og:site_name\" content=\"Expert Council on Integration and Migration gGmbH\" \/>\n<meta property=\"article:modified_time\" content=\"2025-06-25T14:56:05+00:00\" \/>\n<meta name=\"twitter:card\" content=\"summary_large_image\" \/>\n<script type=\"application\/ld+json\" class=\"yoast-schema-graph\">{\"@context\":\"https:\\\/\\\/schema.org\",\"@graph\":[{\"@type\":\"WebPage\",\"@id\":\"https:\\\/\\\/www.svr-migration.de\\\/en\\\/research\\\/research-projects\\\/international-conference\\\/\",\"url\":\"https:\\\/\\\/www.svr-migration.de\\\/en\\\/research\\\/research-projects\\\/international-conference\\\/\",\"name\":\"International conference Integration and naturalisation of refugees and migrants\",\"isPartOf\":{\"@id\":\"https:\\\/\\\/www.svr-migration.de\\\/en\\\/#website\"},\"datePublished\":\"2025-02-07T10:28:53+00:00\",\"dateModified\":\"2025-06-25T14:56:05+00:00\",\"description\":\"The conference is organised by the scientific staff of the Expert Council on Integration and Migration (SVR) and will be held on 13-14 November 2025 in Berlin.\",\"breadcrumb\":{\"@id\":\"https:\\\/\\\/www.svr-migration.de\\\/en\\\/research\\\/research-projects\\\/international-conference\\\/#breadcrumb\"},\"inLanguage\":\"en-US\",\"potentialAction\":[{\"@type\":\"ReadAction\",\"target\":[\"https:\\\/\\\/www.svr-migration.de\\\/en\\\/research\\\/research-projects\\\/international-conference\\\/\"]}]},{\"@type\":\"BreadcrumbList\",\"@id\":\"https:\\\/\\\/www.svr-migration.de\\\/en\\\/research\\\/research-projects\\\/international-conference\\\/#breadcrumb\",\"itemListElement\":[{\"@type\":\"ListItem\",\"position\":1,\"name\":\"Research\",\"item\":\"https:\\\/\\\/www.svr-migration.de\\\/en\\\/research\\\/\"},{\"@type\":\"ListItem\",\"position\":2,\"name\":\"Research Projects\",\"item\":\"https:\\\/\\\/www.svr-migration.de\\\/en\\\/research\\\/research-projects\\\/\"},{\"@type\":\"ListItem\",\"position\":3,\"name\":\"International conference\"}]},{\"@type\":\"WebSite\",\"@id\":\"https:\\\/\\\/www.svr-migration.de\\\/en\\\/#website\",\"url\":\"https:\\\/\\\/www.svr-migration.de\\\/en\\\/\",\"name\":\"Expert Council on Integration and Migration gGmbH\",\"description\":\"Expert Council on Integration and Migration gGmbH\",\"publisher\":{\"@id\":\"https:\\\/\\\/www.svr-migration.de\\\/en\\\/#organization\"},\"potentialAction\":[{\"@type\":\"SearchAction\",\"target\":{\"@type\":\"EntryPoint\",\"urlTemplate\":\"https:\\\/\\\/www.svr-migration.de\\\/en\\\/?s={search_term_string}\"},\"query-input\":{\"@type\":\"PropertyValueSpecification\",\"valueRequired\":true,\"valueName\":\"search_term_string\"}}],\"inLanguage\":\"en-US\"},{\"@type\":\"Organization\",\"@id\":\"https:\\\/\\\/www.svr-migration.de\\\/en\\\/#organization\",\"name\":\"Expert Council on Integration and Migration gGmbH\",\"url\":\"https:\\\/\\\/www.svr-migration.de\\\/en\\\/\",\"logo\":{\"@type\":\"ImageObject\",\"inLanguage\":\"en-US\",\"@id\":\"https:\\\/\\\/www.svr-migration.de\\\/en\\\/#\\\/schema\\\/logo\\\/image\\\/\",\"url\":\"https:\\\/\\\/www.svr-migration.de\\\/wp-content\\\/uploads\\\/2023\\\/02\\\/Logo_SVR_2020_E_rgb_ca.jpg\",\"contentUrl\":\"https:\\\/\\\/www.svr-migration.de\\\/wp-content\\\/uploads\\\/2023\\\/02\\\/Logo_SVR_2020_E_rgb_ca.jpg\",\"width\":400,\"height\":102,\"caption\":\"Expert Council on Integration and Migration gGmbH\"},\"image\":{\"@id\":\"https:\\\/\\\/www.svr-migration.de\\\/en\\\/#\\\/schema\\\/logo\\\/image\\\/\"}}]}<\/script>\n<!-- \/ Yoast SEO plugin. -->","yoast_head_json":{"title":"International conference Integration and naturalisation of refugees and migrants","description":"The conference is organised by the scientific staff of the Expert Council on Integration and Migration (SVR) and will be held on 13-14 November 2025 in Berlin.","robots":{"index":"index","follow":"follow","max-snippet":"max-snippet:-1","max-image-preview":"max-image-preview:large","max-video-preview":"max-video-preview:-1"},"canonical":"https:\/\/www.svr-migration.de\/en\/research\/research-projects\/international-conference\/","og_locale":"en_US","og_type":"article","og_title":"International conference Integration and naturalisation of refugees and migrants","og_description":"The conference is organised by the scientific staff of the Expert Council on Integration and Migration (SVR) and will be held on 13-14 November 2025 in Berlin.","og_url":"https:\/\/www.svr-migration.de\/en\/research\/research-projects\/international-conference\/","og_site_name":"Expert Council on Integration and Migration gGmbH","article_modified_time":"2025-06-25T14:56:05+00:00","twitter_card":"summary_large_image","schema":{"@context":"https:\/\/schema.org","@graph":[{"@type":"WebPage","@id":"https:\/\/www.svr-migration.de\/en\/research\/research-projects\/international-conference\/","url":"https:\/\/www.svr-migration.de\/en\/research\/research-projects\/international-conference\/","name":"International conference Integration and naturalisation of refugees and migrants","isPartOf":{"@id":"https:\/\/www.svr-migration.de\/en\/#website"},"datePublished":"2025-02-07T10:28:53+00:00","dateModified":"2025-06-25T14:56:05+00:00","description":"The conference is organised by the scientific staff of the Expert Council on Integration and Migration (SVR) and will be held on 13-14 November 2025 in Berlin.","breadcrumb":{"@id":"https:\/\/www.svr-migration.de\/en\/research\/research-projects\/international-conference\/#breadcrumb"},"inLanguage":"en-US","potentialAction":[{"@type":"ReadAction","target":["https:\/\/www.svr-migration.de\/en\/research\/research-projects\/international-conference\/"]}]},{"@type":"BreadcrumbList","@id":"https:\/\/www.svr-migration.de\/en\/research\/research-projects\/international-conference\/#breadcrumb","itemListElement":[{"@type":"ListItem","position":1,"name":"Research","item":"https:\/\/www.svr-migration.de\/en\/research\/"},{"@type":"ListItem","position":2,"name":"Research Projects","item":"https:\/\/www.svr-migration.de\/en\/research\/research-projects\/"},{"@type":"ListItem","position":3,"name":"International conference"}]},{"@type":"WebSite","@id":"https:\/\/www.svr-migration.de\/en\/#website","url":"https:\/\/www.svr-migration.de\/en\/","name":"Expert Council on Integration and Migration gGmbH","description":"Expert Council on Integration and Migration gGmbH","publisher":{"@id":"https:\/\/www.svr-migration.de\/en\/#organization"},"potentialAction":[{"@type":"SearchAction","target":{"@type":"EntryPoint","urlTemplate":"https:\/\/www.svr-migration.de\/en\/?s={search_term_string}"},"query-input":{"@type":"PropertyValueSpecification","valueRequired":true,"valueName":"search_term_string"}}],"inLanguage":"en-US"},{"@type":"Organization","@id":"https:\/\/www.svr-migration.de\/en\/#organization","name":"Expert Council on Integration and Migration gGmbH","url":"https:\/\/www.svr-migration.de\/en\/","logo":{"@type":"ImageObject","inLanguage":"en-US","@id":"https:\/\/www.svr-migration.de\/en\/#\/schema\/logo\/image\/","url":"https:\/\/www.svr-migration.de\/wp-content\/uploads\/2023\/02\/Logo_SVR_2020_E_rgb_ca.jpg","contentUrl":"https:\/\/www.svr-migration.de\/wp-content\/uploads\/2023\/02\/Logo_SVR_2020_E_rgb_ca.jpg","width":400,"height":102,"caption":"Expert Council on Integration and Migration gGmbH"},"image":{"@id":"https:\/\/www.svr-migration.de\/en\/#\/schema\/logo\/image\/"}}]}},"uagb_featured_image_src":{"full":false,"thumbnail":false,"medium":false,"medium_large":false,"large":false,"gs-tiny":false,"xl":false,"xxl":false,"xxxl":false,"xxxxl":false,"xxxxxl":false,"1536x1536":false,"2048x2048":false,"presse-thumb":false,"theme-kachel":false,"team-bild":false,"boxed-image":false,"post-thumbnail":false,"mailpoet_newsletter_max":false},"uagb_author_info":{"display_name":"svr_administrator","author_link":"https:\/\/www.svr-migration.de\/en\/author\/svr_administrator\/"},"uagb_comment_info":0,"uagb_excerpt":"Integration and naturalisation of refugees and migrants: Agency, bureaucracy, and policy change 13\u201214 November 2025, ProjektZentrum Berlin (PZB),Neue Promenade 6, 10178 Berlin Abstract submissions for participation in the conference as a presenter and notification of interest as a member of the audience are now closed. Naturalisation is a crucial step in the integration of refugees\u2026","_links":{"self":[{"href":"https:\/\/www.svr-migration.de\/en\/wp-json\/wp\/v2\/pages\/35246","targetHints":{"allow":["GET"]}}],"collection":[{"href":"https:\/\/www.svr-migration.de\/en\/wp-json\/wp\/v2\/pages"}],"about":[{"href":"https:\/\/www.svr-migration.de\/en\/wp-json\/wp\/v2\/types\/page"}],"author":[{"embeddable":true,"href":"https:\/\/www.svr-migration.de\/en\/wp-json\/wp\/v2\/users\/5"}],"replies":[{"embeddable":true,"href":"https:\/\/www.svr-migration.de\/en\/wp-json\/wp\/v2\/comments?post=35246"}],"version-history":[{"count":84,"href":"https:\/\/www.svr-migration.de\/en\/wp-json\/wp\/v2\/pages\/35246\/revisions"}],"predecessor-version":[{"id":36483,"href":"https:\/\/www.svr-migration.de\/en\/wp-json\/wp\/v2\/pages\/35246\/revisions\/36483"}],"up":[{"embeddable":true,"href":"https:\/\/www.svr-migration.de\/en\/wp-json\/wp\/v2\/pages\/26488"}],"acf:post":[{"embeddable":true,"href":"https:\/\/www.svr-migration.de\/en\/wp-json\/wp\/v2\/team\/35447"},{"embeddable":true,"href":"https:\/\/www.svr-migration.de\/en\/wp-json\/wp\/v2\/team\/31796"},{"embeddable":true,"href":"https:\/\/www.svr-migration.de\/en\/wp-json\/wp\/v2\/team\/31798"}],"wp:attachment":[{"href":"https:\/\/www.svr-migration.de\/en\/wp-json\/wp\/v2\/media?parent=35246"}],"curies":[{"name":"wp","href":"https:\/\/api.w.org\/{rel}","templated":true}]}}